{"id":1187,"date":"2023-06-23T13:52:36","date_gmt":"2023-06-23T13:52:36","guid":{"rendered":"https:\/\/salfai.com\/?page_id=1187"},"modified":"2023-06-23T14:26:44","modified_gmt":"2023-06-23T14:26:44","slug":"gestao-de-condominios","status":"publish","type":"page","link":"https:\/\/salfai.com\/?page_id=1187","title":{"rendered":"ADMINISTRA\u00c7\u00c3O DE CONDOM\u00cdNIOS"},"content":{"rendered":"\n<p class=\"has-black-color has-text-color\"><\/p>\n\n\n\n<p class=\"has-black-color has-text-color\">Para que todos os propriet\u00e1rios e moradores consigam conviver e usufruir ao m\u00e1ximo dos espa\u00e7os comuns do condom\u00ednio em que habitam, a SALFAI Lda apresenta-se como a solu\u00e7\u00e3o ideal no que toca \u00e0 administra\u00e7\u00e3o do mesmo.<\/p>\n\n\n\n<p class=\"has-black-color has-text-color\"><strong>Manuten\u00e7\u00e3o<\/strong><br>\u279c Visitas quinzenais ao condom\u00ednio para verifica\u00e7\u00e3o e manuten\u00e7\u00e3o dos espa\u00e7os comuns;<br>\u279c Desloca\u00e7\u00f5es de urg\u00eancia ao condom\u00ednio.<br><br><strong>Apoio Jur\u00eddico<\/strong><br>\u279c Elabora\u00e7\u00e3o de minutas de convocat\u00f3rias;<br>\u279c Elabora\u00e7\u00e3o de minutas para delega\u00e7\u00e3o de poderes de representa\u00e7\u00e3o em Assembleia Geral de condom\u00ednio.<br><br><strong>Financeiros e contabil\u00edsticos<\/strong><br>\u279c Elabora\u00e7\u00e3o do or\u00e7amento anual;<br>\u279c Mapa do valor de quotas por frac\u00e7\u00e3o;<br>\u279c Emiss\u00e3o e envio de aviso de pagamento de quotas;<br>\u279c Seguro do condom\u00ednio.<\/p>\n","protected":false},"excerpt":{"rendered":"<p>Para que todos os propriet\u00e1rios e moradores consigam conviver e usufruir ao m\u00e1ximo dos espa\u00e7os comuns do condom\u00ednio em que habitam, a SALFAI Lda apresenta-se como a solu\u00e7\u00e3o ideal no que toca \u00e0 administra\u00e7\u00e3o do mesmo. Manuten\u00e7\u00e3o\u279c Visitas quinzenais ao condom\u00ednio para verifica\u00e7\u00e3o e manuten\u00e7\u00e3o dos espa\u00e7os comuns;\u279c Desloca\u00e7\u00f5es de urg\u00eancia ao condom\u00ednio. Apoio Jur\u00eddico\u279c &hellip; <a href=\"https:\/\/salfai.com\/?page_id=1187\" class=\"more-link\">Continue reading <span class=\"screen-reader-text\">ADMINISTRA\u00c7\u00c3O DE CONDOM\u00cdNIOS<\/span><\/a><\/p>\n","protected":false},"author":1,"featured_media":0,"parent":0,"menu_order":0,"comment_status":"closed","ping_status":"closed","template":"templates\/full-width-page.php","meta":{"om_disable_all_campaigns":false,"_mi_skip_tracking":false},"aioseo_notices":[],"_links":{"self":[{"href":"https:\/\/salfai.com\/index.php?rest_route=\/wp\/v2\/pages\/1187"}],"collection":[{"href":"https:\/\/salfai.com\/index.php?rest_route=\/wp\/v2\/pages"}],"about":[{"href":"https:\/\/salfai.com\/index.php?rest_route=\/wp\/v2\/types\/page"}],"author":[{"embeddable":true,"href":"https:\/\/salfai.com\/index.php?rest_route=\/wp\/v2\/users\/1"}],"replies":[{"embeddable":true,"href":"https:\/\/salfai.com\/index.php?rest_route=%2Fwp%2Fv2%2Fcomments&post=1187"}],"version-history":[{"count":6,"href":"https:\/\/salfai.com\/index.php?rest_route=\/wp\/v2\/pages\/1187\/revisions"}],"predecessor-version":[{"id":1481,"href":"https:\/\/salfai.com\/index.php?rest_route=\/wp\/v2\/pages\/1187\/revisions\/1481"}],"wp:attachment":[{"href":"https:\/\/salfai.com\/index.php?rest_route=%2Fwp%2Fv2%2Fmedia&parent=1187"}],"curies":[{"name":"wp","href":"https:\/\/api.w.org\/{rel}","templated":true}]}}