{"id":1209,"date":"2023-06-23T14:05:42","date_gmt":"2023-06-23T14:05:42","guid":{"rendered":"https:\/\/salfai.com\/?page_id=1209"},"modified":"2023-06-23T14:27:33","modified_gmt":"2023-06-23T14:27:33","slug":"pagina-inicial","status":"publish","type":"page","link":"https:\/\/salfai.com\/","title":{"rendered":"P\u00c1GINA INICIAL"},"content":{"rendered":"\n<p class=\"has-text-align-center has-black-color has-text-color has-medium-font-size\">A garantia de um servi\u00e7o de qualidade no que toca \u00e0 Media\u00e7\u00e3o Imobili\u00e1ria &amp; Administra\u00e7\u00e3o de Condom\u00ednios no distrito de Aveiro.<\/p>\n\n\n\n<figure class=\"wp-block-image alignfull size-full\"><img loading=\"lazy\" width=\"1366\" height=\"768\" src=\"https:\/\/salfai.com\/wp-content\/uploads\/2023\/06\/Design-sem-nome-5.png\" alt=\"\" class=\"wp-image-1216\" srcset=\"https:\/\/salfai.com\/wp-content\/uploads\/2023\/06\/Design-sem-nome-5.png 1366w, https:\/\/salfai.com\/wp-content\/uploads\/2023\/06\/Design-sem-nome-5-300x169.png 300w, https:\/\/salfai.com\/wp-content\/uploads\/2023\/06\/Design-sem-nome-5-1024x576.png 1024w, https:\/\/salfai.com\/wp-content\/uploads\/2023\/06\/Design-sem-nome-5-768x432.png 768w\" sizes=\"(max-width: 1366px) 100vw, 1366px\" \/><\/figure>\n","protected":false},"excerpt":{"rendered":"<p>A garantia de um servi\u00e7o de qualidade no que toca \u00e0 Media\u00e7\u00e3o Imobili\u00e1ria &amp; Administra\u00e7\u00e3o de Condom\u00ednios no distrito de Aveiro.<\/p>\n","protected":false},"author":1,"featured_media":0,"parent":0,"menu_order":0,"comment_status":"closed","ping_status":"closed","template":"","meta":{"om_disable_all_campaigns":false,"_mi_skip_tracking":false},"aioseo_notices":[],"_links":{"self":[{"href":"https:\/\/salfai.com\/index.php?rest_route=\/wp\/v2\/pages\/1209"}],"collection":[{"href":"https:\/\/salfai.com\/index.php?rest_route=\/wp\/v2\/pages"}],"about":[{"href":"https:\/\/salfai.com\/index.php?rest_route=\/wp\/v2\/types\/page"}],"author":[{"embeddable":true,"href":"https:\/\/salfai.com\/index.php?rest_route=\/wp\/v2\/users\/1"}],"replies":[{"embeddable":true,"href":"https:\/\/salfai.com\/index.php?rest_route=%2Fwp%2Fv2%2Fcomments&post=1209"}],"version-history":[{"count":8,"href":"https:\/\/salfai.com\/index.php?rest_route=\/wp\/v2\/pages\/1209\/revisions"}],"predecessor-version":[{"id":1732,"href":"https:\/\/salfai.com\/index.php?rest_route=\/wp\/v2\/pages\/1209\/revisions\/1732"}],"wp:attachment":[{"href":"https:\/\/salfai.com\/index.php?rest_route=%2Fwp%2Fv2%2Fmedia&parent=1209"}],"curies":[{"name":"wp","href":"https:\/\/api.w.org\/{rel}","templated":true}]}}