{"id":750,"date":"2021-07-01T15:40:49","date_gmt":"2021-07-01T14:40:49","guid":{"rendered":"https:\/\/salfai.com\/?page_id=750"},"modified":"2023-03-31T16:00:19","modified_gmt":"2023-03-31T16:00:19","slug":"politica-de-privacidade","status":"publish","type":"page","link":"https:\/\/salfai.com\/?page_id=750","title":{"rendered":"POL\u00cdTICA DE PRIVACIDADE"},"content":{"rendered":"\n<h3>POL\u00cdTICA DE PROTE\u00c7\u00c3O DE DADOS PESSOAIS<\/h3>\n\n\n\n<p>A presente pol\u00edtica cont\u00e9m as regras aplic\u00e1veis \u00e0 recolha e tratamento de dados pessoais por parte da SALFAI do seu site www.salfai.com. Estas regras n\u00e3o substituem quaisquer cl\u00e1usulas que sejam objecto de acordo espec\u00edfico com qualquer cliente, parceiro e\/ou fornecedor. Nesse caso, a presente pol\u00edtica poder\u00e1 completar tais documentos mas n\u00e3o os substitui. Titular e\/ou Cliente e\/ou Utilizador s\u00e3o termos utilizados indistintamente na presente Pol\u00edtica para designar o titular dos dados pessoais. Ao fornecer \u00e0 SALFAI os seus dados pessoais, o titular toma conhecimento e declara que:<\/p>\n\n\n\n<ul><li>\u00c9 maior;<\/li><li>Autoriza a recolha, tratamento e processamento dos dados pessoais nos termos aqui descritos.<\/li><\/ul>\n\n\n\n<p><strong>a) Identifica\u00e7\u00e3o da entidade respons\u00e1vel pelo tratamento<\/strong><\/p>\n\n\n\n<p>SALFAI, S.A., com sede na Alameda Silva Rocha 68, Forca 3800-385 Aveiro<\/p>\n\n\n\n<p>Portugal, inscrita na Conservat\u00f3ria do Registo Comercial de Aveiro sob o n\u00famero \u00fanico de matr\u00edcula e pessoa coletiva 515579360.&nbsp;<\/p>\n\n\n\n<p>Contacto: geralsalfai@gmail.com<\/p>\n\n\n\n<p><strong>b) Finalidade da recolha de dados pessoais<\/strong><\/p>\n\n\n\n<p>A SALFAI presta servi\u00e7os de administra\u00e7\u00e3o de condom\u00ednios, gest\u00e3o de arrendamentos e media\u00e7\u00e3o imobili\u00e1ria. Para tal, a SALFAI necessita de recolher dados pessoais para as seguintes finalidades:<\/p>\n\n\n\n<p>Receber curriculum vitae de utilizadores que pretendam integrar os quadros da SALFAI; Enviar ao Cliente informa\u00e7\u00e3o de marketing, incluindo envio de newsletters aos clientes que a tenham solicitado, desde que o Cliente tenha dado o seu consentimento e n\u00e3o tenha recusado a utiliza\u00e7\u00e3o das suas coordenadas para essa finalidade.<\/p>\n\n\n\n<p><strong>c) Identifica\u00e7\u00e3o das categorias de dados que ser\u00e3o recolhidos<\/strong><\/p>\n\n\n\n<p>Nome, email, n\u00famero de telefone para contacto, morada e profiss\u00e3o, data nascimento, estado civil, n\u00famero de contribuinte, cart\u00e3o do cidad\u00e3o, n\u00famero de dependentes, habilita\u00e7\u00f5es acad\u00e9micas, refer\u00eancias banc\u00e1rias, informa\u00e7\u00f5es profissionais, informa\u00e7\u00f5es financeiras e dados pessoais do c\u00f4njuge no caso de este ter recolhido o seu consentimento inequ\u00edvoco e informado.&nbsp;<\/p>\n\n\n\n<p>A SALFAI recolhe a informa\u00e7\u00e3o do titular dos dados atrav\u00e9s do preenchimento de formul\u00e1rios ou atrav\u00e9s de email. A informa\u00e7\u00e3o assinalada nos formul\u00e1rios com um * \u00e9 obrigat\u00f3ria. A n\u00e3o presta\u00e7\u00e3o de informa\u00e7\u00e3o assinalada como obrigat\u00f3ria resultar\u00e1 na impossibilidade de an\u00e1lise da informa\u00e7\u00e3o solicitada para a presta\u00e7\u00e3o dos servi\u00e7os solicitados.&nbsp;<\/p>\n\n\n\n<p>Nos casos de recolha do CV online, poder\u00e1 resultar na n\u00e3o an\u00e1lise do CV recebido.&nbsp;<\/p>\n\n\n\n<p>Recolha de dados em rede aberta: Alerta-se o utilizador para o facto de que a informa\u00e7\u00e3o recolhida\/enviada em redes abertas pode circular na rede sem condi\u00e7\u00f5es de seguran\u00e7a e existe o risco de ser vista e utilizada por terceiros n\u00e3o autorizados. Assim, aconselhamos que adopte medidas adicionais quando usar a internet para efeitos de transmiss\u00e3o dos seus dados pessoais, tais como a encripta\u00e7\u00e3o, utilizar firewalls e antiv\u00edrus actualizados, entre outros.&nbsp;<\/p>\n\n\n\n<p>A SALFAI manter\u00e1 os dados pelo prazo de 12 meses. N\u00e3o obstante, a SALFAI poder\u00e1 ter que reter certos dados por per\u00edodo superior para efeitos de cumprimento de obriga\u00e7\u00f5es legais.<\/p>\n\n\n\n<p><strong>d) Destinat\u00e1rios ou categorias de destinat\u00e1rios dos dados<\/strong><\/p>\n\n\n\n<p>Os dados s\u00e3o recolhidos e mantidos pela SALFAI para as finalidades descritas na al\u00ednea b) supra, n\u00e3o existindo comunica\u00e7\u00e3o de dados a terceiros, excepto nos casos de comunica\u00e7\u00e3o dos dados dos CV, assim como pedidos na \u00e1rea de cliente e comunica\u00e7\u00e3o \u00e0s autoridades, tais como o Fisco e a Seguran\u00e7a Social, para efeitos de cumprimento das leis e regulamentos aplic\u00e1veis. Os dados s\u00e3o armazenados por entidade externa, sendo a rela\u00e7\u00e3o contratual regulada por contrato no qual s\u00e3o definidas as medidas de seguran\u00e7a e de organiza\u00e7\u00e3o do tratamento e no qual se especifica que o mesmo s\u00f3 actua mediante instru\u00e7\u00f5es da SALFAI.<\/p>\n\n\n\n<p><strong>e) Direito de acesso e direito de rectifica\u00e7\u00e3o dos seus dados pessoais<\/strong><\/p>\n\n\n\n<p>O titular dos dados tem direito de acesso, de retifica\u00e7\u00e3o e elimina\u00e7\u00e3o em qualquer momento, dos seus dados pessoais.<\/p>\n\n\n\n<p>O titular dos dados poder\u00e1 recusar a utiliza\u00e7\u00e3o das suas coordenadas para efeitos de recebimento de materiais de marketing da SALFAI.<\/p>\n\n\n\n<p>O titular dos dados pode exercer qualquer destes direitos por escrito atrav\u00e9s do seguinte email: geralsalfai@gmail.com ou por carta ou fax enviada para o nosso escrit\u00f3rio sito na Rua de S\u00e3o Martinho 104, 1\u00ba H 3810-183 Aveiro<\/p>\n\n\n\n<p>Portugal<\/p>\n\n\n\n<p><strong>f) Transfer\u00eancia de dados para fora da Uni\u00e3o Europeia<\/strong><\/p>\n\n\n\n<p>N\u00e3o ser\u00e3o transferidos dados para fora da Uni\u00e3o Europeia.<\/p>\n\n\n\n<p><strong>g) Medidas de protec\u00e7\u00e3o dos dados pessoais<\/strong><\/p>\n\n\n\n<p>A SALFAI adoptou as medidas t\u00e9cnicas e organizativas para garantir a seguran\u00e7a dos dados pessoais e para prevenir o uso ou acesso n\u00e3o autorizados, modifica\u00e7\u00e3o, destrui\u00e7\u00e3o il\u00edcita ou acidental e perda acidental, incluindo firewall, estabelecimento de n\u00edveis de acesso, c\u00f3pias de backup e procedimento de disaster recovery. Algumas das funcionalidades s\u00f3 podem ser acedidas atrav\u00e9s de login. Para tal o utilizador dever\u00e1 ter um nome de utilizador e uma chave de acesso que lhe ser\u00e1 atribu\u00edda pela SALFAI. Cabe ao utilizador proteger a confidencialidade de tais elementos por forma a n\u00e3o permitir o acesso n\u00e3o autorizado \u00e0 sua conta e respetivos dados pessoais, limitando o acesso de terceiros ao seu computador, usando sess\u00f5es seguras (https) e fazendo logoff quando termina a sua utiliza\u00e7\u00e3o, entre outras.<\/p>\n\n\n\n<p><strong>h) Cookies \u2013 recolha autom\u00e1tica de dados<\/strong><\/p>\n\n\n\n<p>A SALFAI poder\u00e1 utilizar no seu site cookies, web beacons e outros ficheiros similares tendo em vista a melhoria do desempenho do site e da experi\u00eancia do utilizador. Cookies s\u00e3o pequenos ficheiros de texto que um site pode colocar no computador ou equipamento m\u00f3vel do Utilizador que permitem o reconhecimento do equipamento do Utilizador da pr\u00f3xima vez que o utilizador visita o site. \u00c9 uma pr\u00e1tica comum na internet porque permite o reconhecimento do utilizador enquanto efectua as suas pesquisas na internet. Por exemplo, quando um Utilizador volta \u00e0 p\u00e1gina anterior de um site, o cookie permite-lhe voltar a essa p\u00e1gina com as prefer\u00eancias que o Utilizador tinha anteriormente selecionado. Alguns cookies cont\u00eam dados pessoais (por exemplo quando o utilizador usa o \u201clembrar-me\u201d, o cookie armazena o nome de utilizador, o qual poder\u00e1 ser constitu\u00eddo pelo nome do titular dos dados). A maior parte dos motores de pesquisa utiliza cookies mas, de igual forma, permite ao Utilizador que essa funcionalidade seja desativada. Para o caso de querer saber mais sobre cookies e como podem ser eliminados poder\u00e1 visitar, entre outros:<\/p>\n\n\n\n<p>www.allaboutcookies.org<\/p>\n\n\n\n<p>https:\/\/support.microsoft.com\/pt-br\/help\/260971\/description-of-cookies<\/p>\n\n\n\n<p>https:\/\/support.google.com\/chrome\/answer\/95647?hl=en-GB<\/p>\n\n\n\n<p><strong>i) Utiliza\u00e7\u00e3o international<\/strong><\/p>\n\n\n\n<p>Se o utilizador estiver fora de Portugal, informamos que os dados est\u00e3o alojados em servidor localizado em Portugal, aplicando-se as regras de protec\u00e7\u00e3o de dados que poder\u00e3o ser diferentes das aplic\u00e1veis no seu pa\u00eds de origem, ainda que dentro da Uni\u00e3o Europeia.<\/p>\n\n\n\n<p><strong>j) Lei e foro<\/strong><\/p>\n\n\n\n<p>A presente Pol\u00edtica de protec\u00e7\u00e3o de dados pessoais rege-se pela legisla\u00e7\u00e3o Portuguesa. Neste caso, o Utilizador e a SALFAI acordam que o Tribunal da Comarca de Aveiro ter\u00e1 compet\u00eancia exclusiva para dirimir qualquer lit\u00edgio que possa surgir relativamente \u00e0 interpreta\u00e7\u00e3o e\/ou execu\u00e7\u00e3o da presente politica de privacidade.<\/p>\n\n\n\n<p><strong>k) Altera\u00e7\u00f5es<\/strong><\/p>\n\n\n\n<p>A SALFAI poder\u00e1 alterar periodicamente esta pol\u00edtica por forma a reflectir altera\u00e7\u00f5es na legisla\u00e7\u00e3o ou altera\u00e7\u00f5es no pr\u00f3prio site e respectivos conte\u00fados. O Utilizador ser\u00e1 notificado de tais altera\u00e7\u00f5es desta Pol\u00edtica para o email que disponibilizou \u00e0 SALFAI e\/ou atrav\u00e9s de aviso colocado neste site.<\/p>\n","protected":false},"excerpt":{"rendered":"<p>POL\u00cdTICA DE PROTE\u00c7\u00c3O DE DADOS PESSOAIS A presente pol\u00edtica cont\u00e9m as regras aplic\u00e1veis \u00e0 recolha e tratamento de dados pessoais por parte da SALFAI do seu site www.salfai.com. Estas regras n\u00e3o substituem quaisquer cl\u00e1usulas que sejam objecto de acordo espec\u00edfico com qualquer cliente, parceiro e\/ou fornecedor. Nesse caso, a presente pol\u00edtica poder\u00e1 completar tais documentos &hellip; <a href=\"https:\/\/salfai.com\/?page_id=750\" class=\"more-link\">Continue reading <span class=\"screen-reader-text\">POL\u00cdTICA DE PRIVACIDADE<\/span><\/a><\/p>\n","protected":false},"author":1,"featured_media":0,"parent":0,"menu_order":0,"comment_status":"closed","ping_status":"closed","template":"templates\/full-width-page.php","meta":{"om_disable_all_campaigns":false,"_mi_skip_tracking":false},"aioseo_notices":[],"_links":{"self":[{"href":"https:\/\/salfai.com\/index.php?rest_route=\/wp\/v2\/pages\/750"}],"collection":[{"href":"https:\/\/salfai.com\/index.php?rest_route=\/wp\/v2\/pages"}],"about":[{"href":"https:\/\/salfai.com\/index.php?rest_route=\/wp\/v2\/types\/page"}],"author":[{"embeddable":true,"href":"https:\/\/salfai.com\/index.php?rest_route=\/wp\/v2\/users\/1"}],"replies":[{"embeddable":true,"href":"https:\/\/salfai.com\/index.php?rest_route=%2Fwp%2Fv2%2Fcomments&post=750"}],"version-history":[{"count":2,"href":"https:\/\/salfai.com\/index.php?rest_route=\/wp\/v2\/pages\/750\/revisions"}],"predecessor-version":[{"id":1473,"href":"https:\/\/salfai.com\/index.php?rest_route=\/wp\/v2\/pages\/750\/revisions\/1473"}],"wp:attachment":[{"href":"https:\/\/salfai.com\/index.php?rest_route=%2Fwp%2Fv2%2Fmedia&parent=750"}],"curies":[{"name":"wp","href":"https:\/\/api.w.org\/{rel}","templated":true}]}}